{"id":891,"date":"2018-04-11T17:25:52","date_gmt":"2018-04-11T15:25:52","guid":{"rendered":"http:\/\/tabletop-bedburg.de\/?page_id=891"},"modified":"2024-04-29T14:58:58","modified_gmt":"2024-04-29T12:58:58","slug":"vorstand","status":"publish","type":"page","link":"https:\/\/tabletop-bedburg.de\/?page_id=891","title":{"rendered":"Vorstand"},"content":{"rendered":"<p style=\"text-align: center;\">Der von den Mitgliedern gew\u00e4hlte Vorstand f\u00fcr das Jahr 2024\/26<\/p>\n<hr \/>\n<p style=\"text-align: center;\"><strong>Vorstandsvorsitzender<\/strong><\/p>\n<p style=\"text-align: center;\">Dennis Abraham<\/p>\n<p style=\"text-align: center;\"><strong>2. Vorsitzender<\/strong><\/p>\n<p style=\"text-align: center;\">J\u00fcrgen Schnok<\/p>\n<p style=\"text-align: center;\"><strong>Gesch\u00e4ftsf\u00fchrer<\/strong><\/p>\n<p style=\"text-align: center;\">Andreas Holtum<\/p>\n<p style=\"text-align: center;\"><strong>stellv. Gesch\u00e4ftsf\u00fchrer<\/strong><\/p>\n<p style=\"text-align: center;\">Stefan Griese<\/p>\n<p style=\"text-align: center;\"><strong>Kassierer<\/strong><\/p>\n<p style=\"text-align: center;\">Kevin Abraham<\/p>\n<p style=\"text-align: center;\"><strong>Schriftf\u00fchrer<\/strong><\/p>\n<p style=\"text-align: center;\">Stefan Schuirmann<\/p>\n<p style=\"text-align: center;\">\n<p style=\"text-align: center;\">\n<p style=\"text-align: center;\"><strong><a href=\"http:\/\/tabletop-bedburg.de\/?page_id=967\">Datenschutz<\/a> \u00a0 \u00a0 \u00a0 \u00a0 \u00a0 \u00a0 \u00a0 \u00a0 \u00a0 <a href=\"http:\/\/tabletop-bedburg.de\/?page_id=159\">Impressum<\/a><\/strong><\/p>\n","protected":false},"excerpt":{"rendered":"<p>Der von den Mitgliedern gew\u00e4hlte Vorstand f\u00fcr das Jahr 2024\/26 Vorstandsvorsitzender Dennis Abraham 2. Vorsitzender J\u00fcrgen Schnok Gesch\u00e4ftsf\u00fchrer Andreas Holtum stellv. Gesch\u00e4ftsf\u00fchrer Stefan Griese Kassierer Kevin Abraham Schriftf\u00fchrer Stefan Schuirmann Datenschutz \u00a0 \u00a0 \u00a0 \u00a0 \u00a0 \u00a0 \u00a0 \u00a0 \u00a0 Impressum<\/p>\n","protected":false},"author":2,"featured_media":0,"parent":301,"menu_order":0,"comment_status":"closed","ping_status":"closed","template":"","meta":[],"_links":{"self":[{"href":"https:\/\/tabletop-bedburg.de\/index.php?rest_route=\/wp\/v2\/pages\/891"}],"collection":[{"href":"https:\/\/tabletop-bedburg.de\/index.php?rest_route=\/wp\/v2\/pages"}],"about":[{"href":"https:\/\/tabletop-bedburg.de\/index.php?rest_route=\/wp\/v2\/types\/page"}],"author":[{"embeddable":true,"href":"https:\/\/tabletop-bedburg.de\/index.php?rest_route=\/wp\/v2\/users\/2"}],"replies":[{"embeddable":true,"href":"https:\/\/tabletop-bedburg.de\/index.php?rest_route=%2Fwp%2Fv2%2Fcomments&post=891"}],"version-history":[{"count":9,"href":"https:\/\/tabletop-bedburg.de\/index.php?rest_route=\/wp\/v2\/pages\/891\/revisions"}],"predecessor-version":[{"id":1095,"href":"https:\/\/tabletop-bedburg.de\/index.php?rest_route=\/wp\/v2\/pages\/891\/revisions\/1095"}],"up":[{"embeddable":true,"href":"https:\/\/tabletop-bedburg.de\/index.php?rest_route=\/wp\/v2\/pages\/301"}],"wp:attachment":[{"href":"https:\/\/tabletop-bedburg.de\/index.php?rest_route=%2Fwp%2Fv2%2Fmedia&parent=891"}],"curies":[{"name":"wp","href":"https:\/\/api.w.org\/{rel}","templated":true}]}}