{"id":8,"date":"2015-03-22T19:39:52","date_gmt":"2015-03-22T18:39:52","guid":{"rendered":"http:\/\/bttf.bplaced.net\/wordpress\/?page_id=8"},"modified":"2024-05-02T21:28:58","modified_gmt":"2024-05-02T19:28:58","slug":"armeevorstellungen","status":"publish","type":"page","link":"https:\/\/tabletop-bedburg.de\/?page_id=8","title":{"rendered":"Vereinsraum"},"content":{"rendered":"<p><strong>Ein paar Daten und Fakten zum Vereinsraum<\/strong><\/p>\n<p>Unser neuer Raum liegt in Bedburg in einem Gewerbegebiet!<\/p>\n<p>Hier findet ihr uns: Meisenweg 1, 50181 Bedburg<\/p>\n<ul>\n<li>Bis zu 22 Platten gleichzeitig bespielbar<\/li>\n<li>Lagerplatz unter allen Tischen<\/li>\n<li>250m\u00b2 Grundfl\u00e4che<\/li>\n<li>Gel\u00e4nde vorhanden f\u00fcr alle gespielten Systeme<\/li>\n<li>alle Tische sind mit Mouspad Matten ausgestattet<\/li>\n<li>30 Transport Tablets<\/li>\n<li>Sitzecke mit Couch<\/li>\n<li>IT Ecke mit Drucker,Strom B\u00fcrobedarf<\/li>\n<li>Starterarmeen f\u00fcr Warhammer 40K, AoS , Warcry und Warmachine \/ Hordes, Infinity, A Song of Ice and Fire<\/li>\n<li>Getr\u00e4nke: Cola,Limo,Wasser,Energy je 0,50\u20ac<\/li>\n<li>Kaffee: Flatrate 2\u20ac, an <strong>Vereinstagen kostenlos <\/strong><\/li>\n<li>eine Mal und Bastelecke<\/li>\n<li>TCG Bereich<\/li>\n<li>K\u00fcche<\/li>\n<li>Toilette<\/li>\n<li>Parpl\u00e4tze vor der T\u00fcr bzw. im Gewerbegebiet fu\u00dfl\u00e4ufig erreichbar<\/li>\n<\/ul>\n<hr \/>\n<p><strong>Vereins \/ Spielzeiten<\/strong><\/p>\n<ul>\n<li>jeden Donnerstag<\/li>\n<li>seid Februar 18&#8242; mit neuem System 24 Stunden bespielbar<\/li>\n<li>ab Mai &#8217;18 jeden 1. Montag im Monat Mal und Basteltreffs<\/li>\n<\/ul>\n<p>Die Uhrzeiten sind in den Whatsapp Gruppen zu erfragen.<\/p>\n<p><img loading=\"lazy\" class=\"aligncenter size-large wp-image-1100\" src=\"http:\/\/tabletop-bedburg.de\/wp-content\/uploads\/2024\/05\/IMG_2821-1024x768.jpg\" alt=\"\" width=\"627\" height=\"470\" srcset=\"https:\/\/tabletop-bedburg.de\/wp-content\/uploads\/2024\/05\/IMG_2821-1024x768.jpg 1024w, https:\/\/tabletop-bedburg.de\/wp-content\/uploads\/2024\/05\/IMG_2821-300x225.jpg 300w, https:\/\/tabletop-bedburg.de\/wp-content\/uploads\/2024\/05\/IMG_2821-100x75.jpg 100w, https:\/\/tabletop-bedburg.de\/wp-content\/uploads\/2024\/05\/IMG_2821-768x576.jpg 768w, https:\/\/tabletop-bedburg.de\/wp-content\/uploads\/2024\/05\/IMG_2821-1536x1152.jpg 1536w, https:\/\/tabletop-bedburg.de\/wp-content\/uploads\/2024\/05\/IMG_2821-2048x1536.jpg 2048w\" sizes=\"(max-width: 627px) 100vw, 627px\" \/><img loading=\"lazy\" class=\"aligncenter size-large wp-image-1102\" src=\"http:\/\/tabletop-bedburg.de\/wp-content\/uploads\/2024\/05\/IMG_2823-1024x576.jpg\" alt=\"\" width=\"627\" height=\"353\" srcset=\"https:\/\/tabletop-bedburg.de\/wp-content\/uploads\/2024\/05\/IMG_2823-1024x576.jpg 1024w, https:\/\/tabletop-bedburg.de\/wp-content\/uploads\/2024\/05\/IMG_2823-300x169.jpg 300w, https:\/\/tabletop-bedburg.de\/wp-content\/uploads\/2024\/05\/IMG_2823-100x56.jpg 100w, https:\/\/tabletop-bedburg.de\/wp-content\/uploads\/2024\/05\/IMG_2823-768x432.jpg 768w, https:\/\/tabletop-bedburg.de\/wp-content\/uploads\/2024\/05\/IMG_2823-1536x864.jpg 1536w, https:\/\/tabletop-bedburg.de\/wp-content\/uploads\/2024\/05\/IMG_2823-2048x1152.jpg 2048w\" sizes=\"(max-width: 627px) 100vw, 627px\" \/><img loading=\"lazy\" class=\"aligncenter size-large wp-image-1103\" src=\"http:\/\/tabletop-bedburg.de\/wp-content\/uploads\/2024\/05\/IMG_2824-1024x576.jpg\" alt=\"\" width=\"627\" height=\"353\" srcset=\"https:\/\/tabletop-bedburg.de\/wp-content\/uploads\/2024\/05\/IMG_2824-1024x576.jpg 1024w, https:\/\/tabletop-bedburg.de\/wp-content\/uploads\/2024\/05\/IMG_2824-300x169.jpg 300w, https:\/\/tabletop-bedburg.de\/wp-content\/uploads\/2024\/05\/IMG_2824-100x56.jpg 100w, https:\/\/tabletop-bedburg.de\/wp-content\/uploads\/2024\/05\/IMG_2824-768x432.jpg 768w, https:\/\/tabletop-bedburg.de\/wp-content\/uploads\/2024\/05\/IMG_2824-1536x864.jpg 1536w, https:\/\/tabletop-bedburg.de\/wp-content\/uploads\/2024\/05\/IMG_2824-2048x1152.jpg 2048w\" sizes=\"(max-width: 627px) 100vw, 627px\" \/><img loading=\"lazy\" class=\"aligncenter size-large wp-image-1104\" src=\"http:\/\/tabletop-bedburg.de\/wp-content\/uploads\/2024\/05\/IMG_2825-1024x576.jpg\" alt=\"\" width=\"627\" height=\"353\" srcset=\"https:\/\/tabletop-bedburg.de\/wp-content\/uploads\/2024\/05\/IMG_2825-1024x576.jpg 1024w, https:\/\/tabletop-bedburg.de\/wp-content\/uploads\/2024\/05\/IMG_2825-300x169.jpg 300w, https:\/\/tabletop-bedburg.de\/wp-content\/uploads\/2024\/05\/IMG_2825-100x56.jpg 100w, https:\/\/tabletop-bedburg.de\/wp-content\/uploads\/2024\/05\/IMG_2825-768x432.jpg 768w, https:\/\/tabletop-bedburg.de\/wp-content\/uploads\/2024\/05\/IMG_2825-1536x864.jpg 1536w, https:\/\/tabletop-bedburg.de\/wp-content\/uploads\/2024\/05\/IMG_2825.jpg 2016w\" sizes=\"(max-width: 627px) 100vw, 627px\" \/><img loading=\"lazy\" class=\"aligncenter size-large wp-image-1101\" src=\"http:\/\/tabletop-bedburg.de\/wp-content\/uploads\/2024\/05\/IMG_2822-1024x576.jpg\" alt=\"\" width=\"627\" height=\"353\" srcset=\"https:\/\/tabletop-bedburg.de\/wp-content\/uploads\/2024\/05\/IMG_2822-1024x576.jpg 1024w, https:\/\/tabletop-bedburg.de\/wp-content\/uploads\/2024\/05\/IMG_2822-300x169.jpg 300w, https:\/\/tabletop-bedburg.de\/wp-content\/uploads\/2024\/05\/IMG_2822-100x56.jpg 100w, https:\/\/tabletop-bedburg.de\/wp-content\/uploads\/2024\/05\/IMG_2822-768x432.jpg 768w, https:\/\/tabletop-bedburg.de\/wp-content\/uploads\/2024\/05\/IMG_2822-1536x864.jpg 1536w, https:\/\/tabletop-bedburg.de\/wp-content\/uploads\/2024\/05\/IMG_2822-2048x1152.jpg 2048w\" sizes=\"(max-width: 627px) 100vw, 627px\" \/><img loading=\"lazy\" class=\"aligncenter size-large wp-image-1105\" src=\"http:\/\/tabletop-bedburg.de\/wp-content\/uploads\/2024\/05\/IMG_2826-1024x576.jpg\" alt=\"\" width=\"627\" height=\"353\" srcset=\"https:\/\/tabletop-bedburg.de\/wp-content\/uploads\/2024\/05\/IMG_2826-1024x576.jpg 1024w, https:\/\/tabletop-bedburg.de\/wp-content\/uploads\/2024\/05\/IMG_2826-300x169.jpg 300w, https:\/\/tabletop-bedburg.de\/wp-content\/uploads\/2024\/05\/IMG_2826-100x56.jpg 100w, https:\/\/tabletop-bedburg.de\/wp-content\/uploads\/2024\/05\/IMG_2826-768x432.jpg 768w, https:\/\/tabletop-bedburg.de\/wp-content\/uploads\/2024\/05\/IMG_2826-1536x864.jpg 1536w, https:\/\/tabletop-bedburg.de\/wp-content\/uploads\/2024\/05\/IMG_2826-2048x1152.jpg 2048w\" sizes=\"(max-width: 627px) 100vw, 627px\" \/><\/p>\n<p style=\"text-align: center;\"><strong><a href=\"http:\/\/tabletop-bedburg.de\/?page_id=967\">Datenschutz \u00a0 <\/a>\u00a0 \u00a0 \u00a0 \u00a0 \u00a0 \u00a0 \u00a0 \u00a0 <a href=\"http:\/\/tabletop-bedburg.de\/?page_id=159\">Impressum<\/a><\/strong><\/p>\n","protected":false},"excerpt":{"rendered":"<p>Ein paar Daten und Fakten zum Vereinsraum Unser neuer Raum liegt in Bedburg in einem Gewerbegebiet! Hier findet ihr uns: Meisenweg 1, 50181 Bedburg Bis zu 22 Platten gleichzeitig bespielbar Lagerplatz unter allen Tischen 250m\u00b2 Grundfl\u00e4che Gel\u00e4nde vorhanden f\u00fcr alle gespielten Systeme alle Tische sind mit Mouspad Matten ausgestattet 30 Transport Tablets Sitzecke mit Couch [&hellip;]<\/p>\n","protected":false},"author":1,"featured_media":0,"parent":0,"menu_order":0,"comment_status":"closed","ping_status":"open","template":"","meta":[],"_links":{"self":[{"href":"https:\/\/tabletop-bedburg.de\/index.php?rest_route=\/wp\/v2\/pages\/8"}],"collection":[{"href":"https:\/\/tabletop-bedburg.de\/index.php?rest_route=\/wp\/v2\/pages"}],"about":[{"href":"https:\/\/tabletop-bedburg.de\/index.php?rest_route=\/wp\/v2\/types\/page"}],"author":[{"embeddable":true,"href":"https:\/\/tabletop-bedburg.de\/index.php?rest_route=\/wp\/v2\/users\/1"}],"replies":[{"embeddable":true,"href":"https:\/\/tabletop-bedburg.de\/index.php?rest_route=%2Fwp%2Fv2%2Fcomments&post=8"}],"version-history":[{"count":35,"href":"https:\/\/tabletop-bedburg.de\/index.php?rest_route=\/wp\/v2\/pages\/8\/revisions"}],"predecessor-version":[{"id":1115,"href":"https:\/\/tabletop-bedburg.de\/index.php?rest_route=\/wp\/v2\/pages\/8\/revisions\/1115"}],"wp:attachment":[{"href":"https:\/\/tabletop-bedburg.de\/index.php?rest_route=%2Fwp%2Fv2%2Fmedia&parent=8"}],"curies":[{"name":"wp","href":"https:\/\/api.w.org\/{rel}","templated":true}]}}