{"id":301,"date":"2015-05-30T21:37:59","date_gmt":"2015-05-30T19:37:59","guid":{"rendered":"http:\/\/tabletop-bedburg.de\/?page_id=301"},"modified":"2024-04-29T14:58:11","modified_gmt":"2024-04-29T12:58:11","slug":"mitglieder","status":"publish","type":"page","link":"https:\/\/tabletop-bedburg.de\/?page_id=301","title":{"rendered":"Mitglieder"},"content":{"rendered":"<p><a href=\"http:\/\/tabletop-bedburg.de\/?page_id=891\"><strong>Zum Vorstand<\/strong><\/a><\/p>\n<p><a href=\"http:\/\/tabletop-bedburg.de\/?page_id=893\"><strong>Vereinssatzung<\/strong><\/a><\/p>\n<hr \/>\n<p>Stand 04\/24<\/p>\n<p><strong>Vereinsmitglieder: 139<\/strong><\/p>\n<hr \/>\n<p><strong>Die\u00a0 Mitgliedschaft umfasst Momentan:<\/strong><\/p>\n<ul>\n<li>Stimmrecht bei Mitgliederversammlungen und Entscheidungen<\/li>\n<li>ein kostenloses Vereins-Shirt<\/li>\n<li>50% Erm\u00e4\u00dfigung auf Turnierstartgeb\u00fchren<\/li>\n<li>Nutzung unseres Vereinsrabattes bei unseren Sponsoren<\/li>\n<li>kostenlos Kaffee an Vereinspieltagen<\/li>\n<li>24h Nutzung unseres Vereinsraumes<\/li>\n<li>gro\u00dfes Netz an Whatsappgruppen die dich mit allen Infos versorgen<\/li>\n<\/ul>\n<hr \/>\n<p style=\"text-align: center;\"><strong><a href=\"http:\/\/tabletop-bedburg.de\/?page_id=967\">Datenschutz<\/a> \u00a0 \u00a0 \u00a0 \u00a0 \u00a0 \u00a0 \u00a0 \u00a0 \u00a0 <a href=\"http:\/\/tabletop-bedburg.de\/?page_id=159\">Impressum<\/a><\/strong><\/p>\n","protected":false},"excerpt":{"rendered":"<p>Zum Vorstand Vereinssatzung Stand 04\/24 Vereinsmitglieder: 139 Die\u00a0 Mitgliedschaft umfasst Momentan: Stimmrecht bei Mitgliederversammlungen und Entscheidungen ein kostenloses Vereins-Shirt 50% Erm\u00e4\u00dfigung auf Turnierstartgeb\u00fchren Nutzung unseres Vereinsrabattes bei unseren Sponsoren kostenlos Kaffee an Vereinspieltagen 24h Nutzung unseres Vereinsraumes gro\u00dfes Netz an Whatsappgruppen die dich mit allen Infos versorgen Datenschutz \u00a0 \u00a0 \u00a0 \u00a0 \u00a0 \u00a0 \u00a0 [&hellip;]<\/p>\n","protected":false},"author":1,"featured_media":0,"parent":0,"menu_order":0,"comment_status":"open","ping_status":"open","template":"","meta":[],"_links":{"self":[{"href":"https:\/\/tabletop-bedburg.de\/index.php?rest_route=\/wp\/v2\/pages\/301"}],"collection":[{"href":"https:\/\/tabletop-bedburg.de\/index.php?rest_route=\/wp\/v2\/pages"}],"about":[{"href":"https:\/\/tabletop-bedburg.de\/index.php?rest_route=\/wp\/v2\/types\/page"}],"author":[{"embeddable":true,"href":"https:\/\/tabletop-bedburg.de\/index.php?rest_route=\/wp\/v2\/users\/1"}],"replies":[{"embeddable":true,"href":"https:\/\/tabletop-bedburg.de\/index.php?rest_route=%2Fwp%2Fv2%2Fcomments&post=301"}],"version-history":[{"count":62,"href":"https:\/\/tabletop-bedburg.de\/index.php?rest_route=\/wp\/v2\/pages\/301\/revisions"}],"predecessor-version":[{"id":1094,"href":"https:\/\/tabletop-bedburg.de\/index.php?rest_route=\/wp\/v2\/pages\/301\/revisions\/1094"}],"wp:attachment":[{"href":"https:\/\/tabletop-bedburg.de\/index.php?rest_route=%2Fwp%2Fv2%2Fmedia&parent=301"}],"curies":[{"name":"wp","href":"https:\/\/api.w.org\/{rel}","templated":true}]}}